{"id":5445,"date":"2022-04-20T15:57:39","date_gmt":"2022-04-20T18:57:39","guid":{"rendered":"https:\/\/vizzipropiedades.com.ar\/web\/?page_id=5445"},"modified":"2024-12-04T15:15:20","modified_gmt":"2024-12-04T18:15:20","slug":"empresa","status":"publish","type":"page","link":"https:\/\/vizzipropiedades.com.ar\/web\/empresa\/","title":{"rendered":"Empresa"},"content":{"rendered":"<div class=\"wpb-content-wrapper\"><p>[vc_row full_width=\u00bbstretch_row\u00bb bg_overlay_mode=\u00bbcolor\u00bb bg_overlay_opacity=\u00bb40&#8243; css=\u00bb.vc_custom_1650485339448{margin-top: 0px !important;padding-top: 0px !important;background-image: url(http:\/\/vizzipropiedades.com.ar\/web\/wp-content\/uploads\/2022\/04\/rev_sliderhome_3.jpg?id=5469) !important;background-position: center !important;background-repeat: no-repeat !important;background-size: cover !important;}\u00bb bg_overlay_color=\u00bb#000000&#8243; el_class=\u00bbvc-col-no-pt\u00bb][vc_column][g5element_space spacing=\u00bb161&#8243; spacing_md=\u00bb120&#8243;][g5element_space spacing=\u00bb33&#8243;][g5element_heading layout_style=\u00bbstyle-02&#8243; title=\u00bbSomos Vizzi Propiedades\u00bb tag_html=\u00bb1&#8243; limit_width=\u00bb750&#8243; title_typography=\u00bb%7B%22font_family%22%3A%22%22%2C%22font_weight%22%3A%22400%22%2C%22font_style%22%3A%22normal%22%2C%22font_size_lg%22%3A%2242%22%2C%22font_size_md%22%3A%22%22%2C%22font_size_sm%22%3A%22%22%2C%22font_size_xs%22%3A%22%22%2C%22align%22%3A%22%22%2C%22text_transform%22%3A%22none%22%2C%22line_height%22%3A%221.52%22%2C%22letter_spacing%22%3A%22%22%2C%22color%22%3A%22%23ffffff%22%2C%22hover_color%22%3A%22%22%7D\u00bb][g5element_space spacing=\u00bb242&#8243; spacing_md=\u00bb120&#8243;][\/vc_column][\/vc_row][vc_section full_width=\u00bbstretch_row\u00bb el_class=\u00bbcustom-bg-page-contact-01 custom-overflow-unset\u00bb][vc_row el_class=\u00bbvc-col-no-pt md-mg-mt-0 position-relative\u00bb css=\u00bb.vc_custom_1604741225129{margin-top: -100px !important;background-color: #ffffff !important;border-radius: 5px !important;}\u00bb][vc_column][g5element_heading layout_style=\u00bbstyle-02&#8243; title=\u00bbConozca m\u00e1s acerca nuestro\u00bb subtitle=\u00bbBienvenidos a Vizzi Propiedades\u00bb limit_width=\u00bb940&#8243;][g5element_space spacing=\u00bb23&#8243;][\/vc_column][vc_column offset=\u00bbvc_col-lg-offset-2 vc_col-lg-8 vc_col-md-offset-1 vc_col-md-10&#8243;][vc_column_text css=\u00bb.vc_custom_1650482762945{margin-bottom: 0px !important;}\u00bb el_class=\u00bbtext-center\u00bb]<\/p>\n<p style=\"line-height: 1.4; font-size: 16px;\">Somos un equipo de profesionales que estamos para asesorarte y acompa\u00f1arte en tus operaciones inmobiliarias.<br \/>\nEquipo de gente joven y capaz orientado en la b\u00fasqueda de la excelencia y de los buenos resultados, buscando siempre lo mejor para nuestros clientes.<br \/>\nContamos con profesionales de las diferentes \u00e1reas que son afectadas en la compra venta de inmueble, tanto inmobiliaria, legal, contable y notarial.<br \/>\nNuestro objetivo es brindar un correcto asesoramiento con seriedad, eficacia y honestidad, dentro de un marco de amabilidad y respeto.<\/p>\n<p>[\/vc_column_text][g5element_space spacing=\u00bb45&#8243; spacing_md=\u00bb60&#8243;][\/vc_column][\/vc_row][vc_row equal_height=\u00bbyes\u00bb el_class=\u00bbvc-col-no-pt\u00bb][vc_column][g5element_space spacing=\u00bb30&#8243; spacing_md=\u00bb65&#8243;][\/vc_column][vc_column width=\u00bb1\/2&#8243; offset=\u00bbvc_col-lg-3 vc_col-md-3 vc_col-xs-12&#8243;][g5element_image_box layout_style=\u00bbstyle-02&#8243; icon_image=\u00bb4826&#8243; img_style=\u00bbimg-default\u00bb img_size=\u00bbcustom\u00bb img_width=\u00bb52&#8243; hover_image_effect=\u00bb\u00bb title=\u00bbAlquileres\u00bb el_class=\u00bbcustom-image-box-06&#8243;][\/g5element_image_box][g5element_space spacing=\u00bb\u00bb spacing_md=\u00bb30&#8243;][\/vc_column][vc_column width=\u00bb1\/2&#8243; offset=\u00bbvc_col-lg-3 vc_col-md-3 vc_col-xs-12&#8243;][g5element_image_box layout_style=\u00bbstyle-02&#8243; icon_image=\u00bb4929&#8243; img_style=\u00bbimg-default\u00bb img_size=\u00bbcustom\u00bb img_width=\u00bb52&#8243; hover_image_effect=\u00bb\u00bb title=\u00bbVentas\u00bb el_class=\u00bbcustom-image-box-06&#8243;][\/g5element_image_box][g5element_space spacing=\u00bb\u00bb spacing_md=\u00bb30&#8243;][\/vc_column][vc_column width=\u00bb1\/2&#8243; offset=\u00bbvc_col-lg-3 vc_col-md-3 vc_col-xs-12&#8243;][g5element_image_box layout_style=\u00bbstyle-02&#8243; icon_image=\u00bb4819&#8243; img_style=\u00bbimg-default\u00bb img_size=\u00bbcustom\u00bb img_width=\u00bb52&#8243; hover_image_effect=\u00bb\u00bb title=\u00bbAdm. de Propiedades\u00bb el_class=\u00bbcustom-image-box-06&#8243;][\/g5element_image_box][g5element_space spacing=\u00bb\u00bb spacing_sm=\u00bb30&#8243;][\/vc_column][vc_column width=\u00bb1\/2&#8243; offset=\u00bbvc_col-lg-3 vc_col-md-3 vc_col-xs-12&#8243;][g5element_image_box layout_style=\u00bbstyle-02&#8243; icon_image=\u00bb4803&#8243; img_style=\u00bbimg-default\u00bb img_size=\u00bbcustom\u00bb img_width=\u00bb52&#8243; hover_image_effect=\u00bb\u00bb title=\u00bbTasaciones\u00bb el_class=\u00bbcustom-image-box-06&#8243;][\/g5element_image_box][\/vc_column][\/vc_row][vc_row full_width=\u00bbstretch_row\u00bb el_class=\u00bbvc-col-no-pt\u00bb][vc_column][g5element_space spacing=\u00bb67&#8243; spacing_md=\u00bb67&#8243;][vc_column_text css=\u00bb.vc_custom_1650482815797{margin-bottom: 0px !important;}\u00bb el_class=\u00bbtext-center\u00bb]<\/p>\n<p style=\"line-height: 1.4; font-size: 16px;\">Abarcamos los diferentes canales de comercializaci\u00f3n y publicidad, como redes sociales, pagina web, carteler\u00eda, publicidades espec\u00edficas, portales inmobiliarios, etc a los efectos de llegar a la mayor cantidad de personas y poder concretar en el menor tiempo posible el objetivo planteado de compra \u2013 venta \u2013 alquiler.<\/p>\n<p>[\/vc_column_text][g5element_space spacing=\u00bb26&#8243;][\/vc_column][\/vc_row][\/vc_section][vc_row full_width=\u00bbstretch_row\u00bb css=\u00bb.vc_custom_1604909508937{background-color: #ffffff !important;}\u00bb el_class=\u00bbvc-col-no-pt\u00bb][vc_column][g5element_space spacing=\u00bb25&#8243; spacing_md=\u00bb66&#8243;][g5element_heading layout_style=\u00bbstyle-02&#8243; title=\u00bbNuestro equipo\u00bb limit_width=\u00bb644&#8243;][g5element_space spacing=\u00bb20&#8243;][\/vc_column][\/vc_row][vc_row gap=\u00bb5&#8243; equal_height=\u00bbyes\u00bb][vc_column width=\u00bb1\/5&#8243;][g5element_image_box layout_style=\u00bbstyle-02&#8243; icon_image=\u00bb5366&#8243; img_style=\u00bbimg-default\u00bb img_size=\u00bbimg-size-lg\u00bb hover_image_effect=\u00bb\u00bb title=\u00bbMa. Soledad Vizzi\u00bb el_class=\u00bbcustom-image-box-06&#8243;]Abogada &#8211; Corredora Inmobiliaria[\/g5element_image_box][g5element_space spacing=\u00bb64&#8243; spacing_sm=\u00bb42&#8243;][\/vc_column][vc_column width=\u00bb1\/5&#8243;][g5element_image_box layout_style=\u00bbstyle-02&#8243; icon_image=\u00bb5366&#8243; img_style=\u00bbimg-default\u00bb img_size=\u00bbimg-size-lg\u00bb hover_image_effect=\u00bb\u00bb title=\u00bbVeronica Murias Quiot\u00bb el_class=\u00bbcustom-image-box-06&#8243;]ABOGADA &#8211; MEDIADORA[\/g5element_image_box][g5element_space spacing=\u00bb64&#8243; spacing_sm=\u00bb42&#8243;][\/vc_column][vc_column width=\u00bb1\/5&#8243;][g5element_image_box layout_style=\u00bbstyle-02&#8243; icon_image=\u00bb5464&#8243; img_style=\u00bbimg-default\u00bb img_size=\u00bbimg-size-lg\u00bb hover_image_effect=\u00bb\u00bb title=\u00bbMart\u00edn E. Borselli\u00bb el_class=\u00bbcustom-image-box-06&#8243;]ABOGADO[\/g5element_image_box][g5element_space spacing=\u00bb64&#8243; spacing_sm=\u00bb42&#8243;][\/vc_column][vc_column width=\u00bb1\/5&#8243;][g5element_image_box layout_style=\u00bbstyle-02&#8243; icon_image=\u00bb5464&#8243; img_style=\u00bbimg-default\u00bb img_size=\u00bbimg-size-lg\u00bb hover_image_effect=\u00bb\u00bb title=\u00bbNicol\u00e1s Imberti\u00bb el_class=\u00bbcustom-image-box-06&#8243;]ABOGADO &#8211; VENDEDOR[\/g5element_image_box][g5element_space spacing=\u00bb64&#8243; spacing_sm=\u00bb42&#8243;][\/vc_column][vc_column width=\u00bb1\/5&#8243;][g5element_image_box layout_style=\u00bbstyle-02&#8243; icon_image=\u00bb5366&#8243; img_style=\u00bbimg-default\u00bb img_size=\u00bbimg-size-lg\u00bb hover_image_effect=\u00bb\u00bb title=\u00bbSof\u00eda Radovani \u00bb el_class=\u00bbcustom-image-box-06&#8243;]FOT\u00d3GRAFA &#8211; ADMINISTRATIVA<\/p>\n<p>[\/g5element_image_box][g5element_space spacing=\u00bb64&#8243; spacing_sm=\u00bb42&#8243;][\/vc_column][\/vc_row][vc_row full_width=\u00bbstretch_row_content\u00bb css=\u00bb.vc_custom_1650485226595{margin-bottom: 0px !important;padding-top: 3px !important;padding-right: 3px !important;padding-bottom: 3px !important;padding-left: 3px !important;}\u00bb][vc_column]\n            <div \n                class=\"elfsight-widget-instagram-feed elfsight-widget\" \n                data-elfsight-instagram-feed-options=\"%7B%22apiChangesMessage%22%3Anull%2C%22sourceType%22%3A%22personalAccount%22%2C%22source%22%3A%5B%5D%2C%22personalAccessToken%22%3A%2212263d55-647d-4441-a592-0e8d1f7de334%22%2C%22businessAccessToken%22%3A%22%22%2C%22businessAccount%22%3Anull%2C%22position%22%3A%22%22%2C%22businessHashtag%22%3A%22%23eiffeltower%22%2C%22filterOnly%22%3A%5B%5D%2C%22filterExcept%22%3A%5B%5D%2C%22limit%22%3A0%2C%22order%22%3A%22date%22%2C%22layout%22%3A%22slider%22%2C%22postTemplate%22%3A%22tile%22%2C%22columns%22%3A8%2C%22rows%22%3A1%2C%22gutter%22%3A4%2C%22responsive%22%3A%5B%7B%22minWidth%22%3A375%2C%22columns%22%3A1%2C%22rows%22%3A1%2C%22gutter%22%3A%220%22%7D%2C%7B%22minWidth%22%3A768%2C%22columns%22%3A3%2C%22rows%22%3A2%2C%22gutter%22%3A%220%22%7D%5D%2C%22width%22%3A%22auto%22%2C%22callToActionButtons%22%3A%5B%7B%22postUrl%22%3A%22https%3A%5C%2F%5C%2Fwww.instagram.com%5C%2Fp%5C%2FBmr7eH0nyxQ%5C%2F%22%2C%22buttonLabel%22%3A%22Install%20Instagram%20Feed%20now%22%2C%22buttonLink%22%3A%22https%3A%5C%2F%5C%2Felfsight.com%5C%2Finstagram-feed-instashow%5C%2F%22%7D%2C%7B%22postUrl%22%3A%22https%3A%5C%2F%5C%2Fwww.instagram.com%5C%2Fp%5C%2FBmgZy5FnnQB%5C%2F%22%2C%22buttonLabel%22%3A%22Install%20Instagram%20Feed%20now%22%2C%22buttonLink%22%3A%22https%3A%5C%2F%5C%2Felfsight.com%5C%2Finstagram-feed-instashow%5C%2F%22%7D%2C%7B%22postUrl%22%3A%22https%3A%5C%2F%5C%2Fwww.instagram.com%5C%2Fp%5C%2FBmbbCfBndRU%5C%2F%22%2C%22buttonLabel%22%3A%22Install%20Instagram%20Feed%20now%22%2C%22buttonLink%22%3A%22https%3A%5C%2F%5C%2Felfsight.com%5C%2Finstagram-feed-instashow%5C%2F%22%7D%5D%2C%22postElements%22%3A%5B%22user%22%2C%22date%22%2C%22instagramLink%22%2C%22likesCount%22%2C%22commentsCount%22%2C%22share%22%2C%22text%22%5D%2C%22popupElements%22%3A%5B%22user%22%2C%22location%22%2C%22followButton%22%2C%22instagramLink%22%2C%22likesCount%22%2C%22share%22%2C%22text%22%2C%22comments%22%2C%22date%22%5D%2C%22imageClickAction%22%3A%22popup%22%2C%22sliderArrows%22%3Atrue%2C%22sliderDrag%22%3Atrue%2C%22sliderSpeed%22%3A0.6%2C%22sliderAutoplay%22%3A%22%22%2C%22colorScheme%22%3A%22yellow%22%2C%22colorPostOverlayBg%22%3A%22rgba%28255%2C%20235%2C%2014%2C%200.9%29%22%2C%22colorPostOverlayText%22%3A%22rgb%280%2C%200%2C%200%29%22%2C%22colorPostBg%22%3A%22rgb%28255%2C%20235%2C%2014%29%22%2C%22colorPostText%22%3A%22rgb%280%2C%200%2C%200%29%22%2C%22colorPostLinks%22%3A%22rgb%280%2C%200%2C%200%29%22%2C%22colorSliderArrows%22%3A%22rgb%28163%2C%20163%2C%20163%29%22%2C%22colorSliderArrowsBg%22%3A%22rgba%28255%2C%20255%2C%20255%2C%200.9%29%22%2C%22colorGridLoadMoreButton%22%3A%22%22%2C%22colorPopupOverlay%22%3A%22rgba%28223%2C%20190%2C%205%2C%200.9%29%22%2C%22colorPopupBg%22%3A%22rgb%28255%2C%20255%2C%20255%29%22%2C%22colorPopupText%22%3A%22rgb%280%2C%200%2C%200%29%22%2C%22colorPopupLinks%22%3A%22rgb%28223%2C%20194%2C%200%29%22%2C%22colorPopupFollowButton%22%3A%22rgb%28223%2C%20194%2C%200%29%22%2C%22colorPopupCtaButton%22%3A%22rgb%28223%2C%20194%2C%200%29%22%2C%22widgetTitle%22%3A%22%22%2C%22lang%22%3A%22es%22%2C%22apiUrl%22%3A%22https%3A%5C%2F%5C%2Fvizzipropiedades.com.ar%5C%2Fweb%5C%2Fwp-json%5C%2Felfsight-instagram-feed%5C%2Fapi%22%2C%22apiProxyUrl%22%3A%22https%3A%5C%2F%5C%2Fvizzipropiedades.com.ar%5C%2Fweb%5C%2Fwp-json%5C%2Felfsight-instagram-feed%22%2C%22widgetId%22%3A%222%22%7D\" \n                data-elfsight-instagram-feed-version=\"4.0.1\"\n                data-elfsight-widget-id=\"elfsight-instagram-feed-2\">\n            <\/div>\n            [\/vc_column][\/vc_row]<\/p>\n<\/div>","protected":false},"excerpt":{"rendered":"<p>[vc_row full_width=\u00bbstretch_row\u00bb bg_overlay_mode=\u00bbcolor\u00bb bg_overlay_opacity=\u00bb40&#8243; css=\u00bb.vc_custom_1650485339448{margin-top: 0px !important;padding-top: 0px !important;background-image: url(http:\/\/vizzipropiedades.com.ar\/web\/wp-content\/uploads\/2022\/04\/rev_sliderhome_3.jpg?id=5469) !important;background-position: center !important;background-repeat: no-repeat !important;background-size: cover !important;}\u00bb bg_overlay_color=\u00bb#000000&#8243; el_class=\u00bbvc-col-no-pt\u00bb][vc_column][g5element_space spacing=\u00bb161&#8243; spacing_md=\u00bb120&#8243;][g5element_space spacing=\u00bb33&#8243;][g5element_heading layout_style=\u00bbstyle-02&#8243; title=\u00bbSomos Vizzi Propiedades\u00bb tag_html=\u00bb1&#8243; limit_width=\u00bb750&#8243; title_typography=\u00bb%7B%22font_family%22%3A%22%22%2C%22font_weight%22%3A%22400%22%2C%22font_style%22%3A%22normal%22%2C%22font_size_lg%22%3A%2242%22%2C%22font_size_md%22%3A%22%22%2C%22font_size_sm%22%3A%22%22%2C%22font_size_xs%22%3A%22%22%2C%22align%22%3A%22%22%2C%22text_transform%22%3A%22none%22%2C%22line_height%22%3A%221.52%22%2C%22letter_spacing%22%3A%22%22%2C%22color%22%3A%22%23ffffff%22%2C%22hover_color%22%3A%22%22%7D\u00bb][g5element_space spacing=\u00bb242&#8243; spacing_md=\u00bb120&#8243;][\/vc_column][\/vc_row][vc_section full_width=\u00bbstretch_row\u00bb el_class=\u00bbcustom-bg-page-contact-01 custom-overflow-unset\u00bb][vc_row el_class=\u00bbvc-col-no-pt md-mg-mt-0 position-relative\u00bb css=\u00bb.vc_custom_1604741225129{margin-top: -100px !important;background-color: #ffffff !important;border-radius: 5px !important;}\u00bb][vc_column][g5element_heading layout_style=\u00bbstyle-02&#8243; title=\u00bbConozca m\u00e1s acerca nuestro\u00bb subtitle=\u00bbBienvenidos a Vizzi Propiedades\u00bb limit_width=\u00bb940&#8243;][g5element_space spacing=\u00bb23&#8243;][\/vc_column][vc_column [&hellip;]<\/p>\n","protected":false},"author":2,"featured_media":0,"parent":0,"menu_order":0,"comment_status":"closed","ping_status":"closed","template":"","meta":{"footnotes":""},"class_list":["post-5445","page","type-page","status-publish","hentry"],"_links":{"self":[{"href":"https:\/\/vizzipropiedades.com.ar\/web\/wp-json\/wp\/v2\/pages\/5445"}],"collection":[{"href":"https:\/\/vizzipropiedades.com.ar\/web\/wp-json\/wp\/v2\/pages"}],"about":[{"href":"https:\/\/vizzipropiedades.com.ar\/web\/wp-json\/wp\/v2\/types\/page"}],"author":[{"embeddable":true,"href":"https:\/\/vizzipropiedades.com.ar\/web\/wp-json\/wp\/v2\/users\/2"}],"replies":[{"embeddable":true,"href":"https:\/\/vizzipropiedades.com.ar\/web\/wp-json\/wp\/v2\/comments?post=5445"}],"version-history":[{"count":41,"href":"https:\/\/vizzipropiedades.com.ar\/web\/wp-json\/wp\/v2\/pages\/5445\/revisions"}],"predecessor-version":[{"id":7581,"href":"https:\/\/vizzipropiedades.com.ar\/web\/wp-json\/wp\/v2\/pages\/5445\/revisions\/7581"}],"wp:attachment":[{"href":"https:\/\/vizzipropiedades.com.ar\/web\/wp-json\/wp\/v2\/media?parent=5445"}],"curies":[{"name":"wp","href":"https:\/\/api.w.org\/{rel}","templated":true}]}}